{"id":529,"date":"2016-10-17T14:41:18","date_gmt":"2016-10-17T13:41:18","guid":{"rendered":"http:\/\/www.com-post.org\/techno\/?page_id=529"},"modified":"2022-09-08T15:26:48","modified_gmt":"2022-09-08T14:26:48","slug":"texts","status":"publish","type":"page","link":"https:\/\/www.technoromanticism.com\/en\/texts\/","title":{"rendered":"Texts"},"content":{"rendered":"<blockquote><p>\u00abSt\u00e9phan Barron occupe, en Europe, une place \u00e9minente dans une d\u00e9finition spatio-temporelle de l\u2019image vid\u00e9o\u00bb.<br \/>\nPierre Restany in Le monde de l\u2019art en 1995<\/p>\n<p>\u00ab For St\u00e9phan Barron, technoromanticism is a spiritual quest in the area of technological art \u00bb.<br \/>\nFrank Popper, Contemporary artist, 5th edition<\/p><\/blockquote>\n<h2>Downloads<\/h2>\n<p><a href=\"http:\/\/www.technoromanticism.com\/en\/wp-content\/uploads\/2022\/09\/ART_BOOK_BARRON__22EN.pdf\">St\u00e9phan Barron&rsquo;s Artbook<\/a> (pdf 56 Mo)<\/p>\n<h2>Textes critiques<\/h2>\n<p>RESTANY Pierre, <em>Le m\u00e9ridien ou le trait fractalis\u00e9<\/em>, D\u00e9pliant de <em>Traits<\/em>, Ed. Rien de Sp\u00e9cial, Secqueville-en-Bessin, 1990<\/p>\n<p>CAUQUELIN Anne, \u00ab Cette terre qui nous regarde \u00bb, texte en ligne sur http:\/\/www.technoromanticism.com\/en, 2004<\/p>\n<p>CAUQUELIN Anne, L\u2019exposition de soi, Du journal intime aux webcams, Ed. Eshel, Paris, 2003<\/p>\n<p>de M\u00c8REDIEU Florence, Arts et nouvelles technologies, Ed. Larousse, 2003<\/p>\n<p>Derrick de KERKHOVE<\/p>\n<p>POPPER Frank, L\u2019art \u00e0 l\u2019\u00e2ge \u00e9lectronique, Ed. Hazan, Paris, 1993<\/p>\n<p>POPPER Frank, Contemporary artist, 5th edition, 2000<\/p>\n<p>M\u00dcLLER Markus, \u00ab Traits-Linien \u00bb, D\u00e9pliant de Traits, Ed. Rien de<br \/>\nSp\u00e9cial, Secqueville-en-Bessin, 1990<\/p>\n<p>COSTA Mario, \u00ab Le voyage de St\u00e9phan et Sylvia \u00bb, D\u00e9pliant de Traits,<br \/>\nEd. Rien de Sp\u00e9cial, Secqueville-en-Bessin, 1990<\/p>\n<p>COUCHOT Edmond, \u00ab St\u00e9phan Barron et le plaisir de l\u2019ubiquit\u00e9 \u00bb texte en ligne, 1997<\/p>\n<p>FARGIER Jean-Paul, \u00ab Devoir de Fran\u00e7ais \u00bb, Les cahiers du cin\u00e9ma, n\u00b0397, Paris, juin 1987<\/p>\n<p>BROWN Paul, \u00ab St\u00e9phan Barron at the Old Treasury Building \u00bb, Catalogue du Festival International d\u2019Adela\u00efde, 1996<\/p>\n<p>KOSIK Antonin, \u00ab Autoportr\u00e9t \u00bb, Atelier, n\u00b03, 10 f\u00e9vrier 1994, Prague<\/p>\n<p>ROGUE Evelyne, \u00ab Com_post de S. Barron ou le miroir de la communication\u00bb.<\/p>\n<p>KNEBUSCH Julien, \u00ab\u00a0Planet Earth in Contemporary Electronic Artworks\u00a0\u00bb, in Leonardo, MIT Press, vol. 37, n\u00b0 1, 2004<\/p>\n<p>De CASTRO Ilda Tereza, <em>Arte e ecologia : sobre a Arte Planet\u00e1ria e o Tecnoromantismo<\/em>, Lisbonne, 2015<br \/>\ntrad. Art and Ecology : On Earth Art and Technoromanticism<br \/>\ntrad. Art et \u00e9cologie : Sur l&rsquo;Art Plan\u00e9taire et le Technoromantisme<\/p>\n<h2>Ecrits<\/h2>\n<p><em>Earth Art, Art Plan\u00e9taire<\/em>, c\u00e9d\u00e9rom, catalogue de l&rsquo;exposition personnelle de St\u00e9phan Barron \u00e0 l&rsquo;Ecole R\u00e9gionale Sup\u00e9rieure d&rsquo;Expression Plastique de Tourcoing, Editions Rien de Sp\u00e9cial, 2000<\/p>\n<p><em>Technoromantisme<\/em>, Ed. L\u2019Harmattan, Paris, 2003<\/p>\n<p><em>Toucher l\u2019espace, po\u00e9tique de l\u2019Art plan\u00e9taire<\/em>, Ed. L\u2019Harmattan, Paris, 2006<\/p>\n","protected":false},"excerpt":{"rendered":"<p><a class=\"moretag\" href=\"https:\/\/www.technoromanticism.com\/en\/texts\/\"> Read the full article&#8230;<\/a><\/p>\n","protected":false},"author":1,"featured_media":0,"parent":0,"menu_order":0,"comment_status":"closed","ping_status":"closed","template":"page-textes.php","meta":{"footnotes":""},"class_list":["post-529","page","type-page","status-publish","hentry"],"_links":{"self":[{"href":"https:\/\/www.technoromanticism.com\/en\/wp-json\/wp\/v2\/pages\/529","targetHints":{"allow":["GET"]}}],"collection":[{"href":"https:\/\/www.technoromanticism.com\/en\/wp-json\/wp\/v2\/pages"}],"about":[{"href":"https:\/\/www.technoromanticism.com\/en\/wp-json\/wp\/v2\/types\/page"}],"author":[{"embeddable":true,"href":"https:\/\/www.technoromanticism.com\/en\/wp-json\/wp\/v2\/users\/1"}],"replies":[{"embeddable":true,"href":"https:\/\/www.technoromanticism.com\/en\/wp-json\/wp\/v2\/comments?post=529"}],"version-history":[{"count":30,"href":"https:\/\/www.technoromanticism.com\/en\/wp-json\/wp\/v2\/pages\/529\/revisions"}],"predecessor-version":[{"id":1497,"href":"https:\/\/www.technoromanticism.com\/en\/wp-json\/wp\/v2\/pages\/529\/revisions\/1497"}],"wp:attachment":[{"href":"https:\/\/www.technoromanticism.com\/en\/wp-json\/wp\/v2\/media?parent=529"}],"curies":[{"name":"wp","href":"https:\/\/api.w.org\/{rel}","templated":true}]}}