{"id":502,"date":"2016-10-16T18:37:01","date_gmt":"2016-10-16T17:37:01","guid":{"rendered":"http:\/\/www.com-post.org\/techno\/?page_id=502"},"modified":"2025-12-20T14:49:02","modified_gmt":"2025-12-20T13:49:02","slug":"biography","status":"publish","type":"page","link":"https:\/\/www.technoromanticism.com\/en\/biography\/","title":{"rendered":"Biography"},"content":{"rendered":"<h2><strong>Summary Biography<\/strong><\/h2>\n<p>St\u00e9phan Barron is a French contemporary artist born on February 23, 1961, in Caen.<\/p>\n<p>Since 1984, he has created works theorized under the terms and concepts of \u201cplanetary art\u201d and \u201ctechnoromanticism.\u201d He is one of the pioneers of digital art and ecological art. According to Pierre Restany, he \u201coccupies a prominent place in Europe in the spatio-temporal definition of the video image.\u201d<\/p>\n<p>Technoromanticism theorizes the links between art and new technologies, in the context of the threats posed by technoscience and economic development to nature and the global environment.<\/p>\n<p>Planetary Art is an art form that takes the Earth in its planetary dimension as a medium for artistic creation.<\/p>\n<p>Villa Medici Hors-les-murs scholarship recipient at the Adelaide Biennale for the work Ozone.<\/p>\n<h2>Recent works :<\/h2>\n<p>Sound arts, music : Cr\u00e9ations sonores <a href=\"http:\/\/www.technoromanticism.com\/en\/fr\/son.html\">www.technoromanticism.com\/fr\/son.html<\/a> &#8211; 2015<\/p>\n<p><strong>3Dedalus<\/strong>, 3D-printed maze, digital photo exhibition, spatialized sound installation. <span style=\"font-size: revert;\">Variations, digital week, Paris, 2014<\/span><\/p>\n<p>Monochromes : Meditative art immerses viewers in the pure perception of color without the interface of a material work. Everyone experiences pure color, inner color, in a profound way. FRUC- juillet 2012.<\/p>\n<p>Thermochromes : Thermochromics are handprints made with paint that disappears at human body temperature. They follow on from St\u00e9phan Barron&rsquo;s installation Contact. FRUC &#8211; juillet 2012.<\/p>\n<p>DRESDE Exposition internationale OSTRALE. Ao\u00fbt 2010 (exhibition of a new version of the Orient Express installation).<\/p>\n<p>DVDREMIX sortie de l\u2019\u00e9dition <a href=\"http:\/\/www.dvdremix.org\">dvdremix.org<\/a> &#8211; Octobre 2010, diffusion sur Arte<\/p>\n<p>Le Nouveau Voyage : Performance-installation; utilisant google.earth. St\u00e9phan Barron follows in the footsteps of his great-grandfather, Louis, recounted in his 1889 book, <em>Le nouveau voyage de France<\/em>. <a href=\"http:\/\/www.barron.fr\">www.barron.fr<\/a> &#8211; 2009<\/p>\n<p>Contact :<\/p>\n<p>Two metal plates in two locations. If one is touched, the other heats up. &#8211; Le FRUC et congr\u00e8s international ECAP 2008<\/p>\n<p>o-o-o : Sound installation and vocal performance &#8211; Le FRUC &#8211; 2008 <a href=\"http:\/\/www.o-o-o.info\">o-o-o.info<\/a><\/p>\n<p>wyfy\u00ae : Performance et vid\u00e9o http:\/\/www.wyfy.info &#8211; Biennale de Lyon 2007, FRUC.<\/p>\n<p>Fusil : online artwork &#8211; 2003 &#8211; http:\/\/www.fusil.biz &#8211; Affiche 4 x 3 m, Montpellier, 2006<\/p>\n<p>corpo@corpo : artwork via MMS, SMS, and email, and digital photography &#8211; Biennale de Venise 2005<\/p>\n<p>Pri\u00e8res, Installation of 14 large-format digital photos in the art center Le Fruc, Montpellier &#8211; 2003<\/p>\n<p>Com_post : Artwork on the internet. Internet users send a message that is returned to them in increasingly fragmented form each week for three months. <span style=\"font-size: revert;\">2000 \u00e0 2006. http:\/\/www.com-post.org<\/span><\/p>\n<p>Ozone : Sound installation based on ozone pollution measurements in Lille and measurements of the hole in the ozone layer in Australia. Ozone is one of the first works of art created using the internet. &#8211; Biennale Internationale d\u2019Adela\u00efde &#8211; 1996 (Project awarded by Villa Medici Hors-les-Murs).<\/p>\n<p>Le jour et la nuit : Two computers connected via the Internet display an average image of the Brazilian and Australian skies, separated by a 12-hour time difference. &#8211; Adela\u00efde &#8211; Sao-Paulo \/ Arte no seculo &#8211; D\u00e9cembre 1995<\/p>\n<p>Le bleu du ciel : Two computers connected by telephone calculate in real time the average colors of the skies in the North and South &#8211; Toulon\/Tourcoing &#8211; Ecole des Beaux-Arts &#8211; 1994 + M\u00fcnich\/Paris, UNESCO &#8211; 1995<\/p>\n<p>Signes des temps : 7 engraved marbles depicting the main symbols of technological machines &#8211; Faches-Thumesnil &#8211; Avril 1993<\/p>\n<p>A perte d\u2019entendre : St\u00e9phan Barron is connected by walkie-talkie to the Brandenburg Gate. He moves successively in eight directions. When he loses contact, he takes a photo. &#8211; Galerie Sakschewski &#8211; Berlin &#8211; Juillet 1991<\/p>\n<p>Les plantes de mon jardin : St\u00e9phan Barron sends faxes to Prague for three weeks about a tiny garden. A microcosm of the garden awakening from winter, a macrocosm of Prague regaining its freedom. &#8211; Galerie Spala &#8211; Prague &#8211; Mai 1991<\/p>\n<p>Autoportrait : Construction of a telephone robot, showing the artist&rsquo;s direction &#8211; Galerie Gal\u00e9a &#8211; Caen- Juin 1991<\/p>\n<p>Traits : St\u00e9phan Barron and Sylvia Hansmann describe the Greenwich Meridian from the English Channel to the Mediterranean Sea. Over a period of 13 days, they send 850 faxes to eight museums across Europe. In doing so, they initiate a new representation of the line, humanity&rsquo;s first symbol. &#8211; 1989<br \/>\nArs Electronica, Manifestation Internationale des Arts Electroniques &#8211; Linz \/ Institut Fran\u00e7ais &#8211; Cologne \/ Galerie Alain Oudin &#8211; Paris \/ Centre d\u2019Art Contemporain Espa\u00efs &#8211; G\u00e9rona \/ La cri\u00e9e Centre d\u2019Art Contemporain &#8211; Rennes \/ Maison de la Culture d\u2019Amiens \/ Mus\u00e9e de C\u00e9ret<\/p>\n<p>Alice : Installation for artistic videoconferencing The\u00a0transinteractifs &#8211; Paris \/ Toronto &#8211; 1988<\/p>\n<p>Orient express : St\u00e9phan Barron takes a Polaroid photo every hour on the Orient Express from Paris to Budapest. In Budapest, the 25 Polaroids are scanned and sent back to Paris by modem. The same happens on the return journey. &#8211; Event Ordinary Dialogue &#8211; Paris\/Budapest &#8211; 1987<\/p>\n<p>Thaon \/ New York : Satellite transmission and slow television between the medieval church of Thaon (Normandy) and The Cloisters in New York. The concept behind this project was to reactivate The Cloisters, which the Americans had transported stone by stone to New York. &#8211; Juin 1987<\/p>\n<h2>Principales expositions<\/h2>\n<p>1985 :<br \/>\nGaleries du Lower East Side &#8211; New York<\/p>\n<p>1987 :<br \/>\nGalerie Fashion Moda &#8211; New York<br \/>\nVid\u00e9oformes, Clermont-Ferrand.<br \/>\nOp\u00e9ra de Lille.<br \/>\nCAPC Bordeaux.<\/p>\n<p>1988 :<br \/>\nCAC St Quentin en Yvelynes<\/p>\n<p>1989 :<br \/>\nGalerie Sch\u00fcppenhauer &#8211; Cologne<br \/>\nArs electronica<\/p>\n<p>1990 :<br \/>\nMus\u00e9e de Bochum &#8211; RFA<br \/>\nGalerie Art et Essai &#8211; Universit\u00e9 de Rennes 2<br \/>\nH\u00f4tel de ville d\u2019H\u00e9rouville<\/p>\n<p>1991 : Galerie Spala &#8211; Prague<br \/>\nGalerie Donguy &#8211; Paris<br \/>\nGalerie Galea &#8211; Caen<br \/>\nGalerie Sakschewski &#8211; Berlin<\/p>\n<p>1993 :<br \/>\nM\u00e9diath\u00e8que Marguerite Yourcenar &#8211; Faches-Thumesnil<\/p>\n<p>1994 :<br \/>\nEcole R\u00e9gionale Sup\u00e9rieure d\u2019Expression Plastique &#8211; Tourcoing<\/p>\n<p>1995 :<br \/>\nArte no Seculo &#8211; Sao Paulo<\/p>\n<p>1996 :<br \/>\nBiennale d\u2019Adela\u00efde<\/p>\n<p>2003 :<br \/>\nLe FRUC, Montpellier<\/p>\n<p>2005 :<br \/>\nBiennale de Venise<\/p>\n<p>2006 :<br \/>\nLe FRUC, Montpellier<\/p>\n<p>2007 :<br \/>\nBiennale de Lyon<br \/>\nLe FRUC, Montpellier<\/p>\n<p>2008 : vente art et \u00e9cologie &#8211; Osenat Fontainebleau<br \/>\nLe FRUC, Montpellier et \u00e0 l\u2019ECAP<\/p>\n<p>2009 :<br \/>\nLe FRUC, Montpellier<\/p>\n<p>2010 :<br \/>\nOstrale, exposition internationale, Dresde.<\/p>\n<p>2012 :<br \/>\nLe FRUC, Montpellier<\/p>\n<p>2013 :<br \/>\nGrafica Contemporanea, Juarez, Mexico.<\/p>\n<p>ART VIDEO :<br \/>\nBandes Vid\u00e9o :<br \/>\nBaltique : R\u00e9alisation 1985 &#8211; Prix du Mus\u00e9e d\u2019Art Moderne &#8211; Festival d\u2019Estavar 1988<br \/>\nS\u00e9lection de la Biennale d\u2019Art Vid\u00e9o de Bonn en 1986, du Festival Monitor, Fr\u00f6lunda, 1987&#8230;<\/p>\n<p>New York : R\u00e9alisation 1986 &#8211; Prix du Festival de M\u00e9ricourt 1988<\/p>\n<p>Orient express : Vid\u00e9o sur le projet de 1987 &#8211; R\u00e9alisation 1987-1990, diffusion au centre culturel fran\u00e7ais de Stockholm en f\u00e9vrier 1988<\/p>\n<p>Thaon \/New York : Vid\u00e9o sur le projet de 1987 &#8211; R\u00e9alisation 1990<\/p>\n<p>Dans la chaleur des concepts : Vid\u00e9o sur l\u2019installation de 1988 &#8211; R\u00e9alisation 1990<\/p>\n<p>Traits : Vid\u00e9o sur le projet de 1989 &#8211; Voix de Pierre Restany &#8211; R\u00e9alisation 1990<\/p>\n<p>Hommage au \u00abChaos\u00bb &#8211; R\u00e9alisation 1994<\/p>\n<p>Les plantes de mon jardin : Vid\u00e9o sur le projet &#8211; 1994<\/p>\n<p>A perte d\u2019entendre : vid\u00e9o de la performance \u00e0 Berlin en 1991 &#8211; 12 mn &#8211; 2008<\/p>\n<p>re_transmission : vid\u00e9o de 2 h 07 \u00e0 partir des bandes de la transmission Thaon-New York &#8211; 2008<\/p>\n<p>Le Nouveau Voyage : vid\u00e9o &#8211; 2009<\/p>\n<p>Installations Vid\u00e9o :<br \/>\nMur : Installation vid\u00e9o de 64 moniteurs &#8211; R\u00e9alisation 1987<\/p>\n<p>C\u2019est d\u2019autres tiroirs : Installation au Centre Culturel de Cherbourg &#8211; 1988<\/p>\n<p>Nine 2 Five : Installation vid\u00e9o de 18 moniteurs &#8211; Octobre 1987\/Mai 1988<\/p>\n<p>Dans la chaleur des concepts : Installation vid\u00e9o au milieu d\u2019une for\u00eat sur le feu &#8211; M\u00fcnich -1988<\/p>\n<p>L\u2019espace d\u2019un jour : Installation Vid\u00e9o &#8211; Ecole des Beaux Arts -Tourcoing 1994<\/p>\n","protected":false},"excerpt":{"rendered":"<p><a class=\"moretag\" href=\"https:\/\/www.technoromanticism.com\/en\/biography\/\"> Read the full article&#8230;<\/a><\/p>\n","protected":false},"author":3,"featured_media":0,"parent":0,"menu_order":0,"comment_status":"closed","ping_status":"closed","template":"page-biographie.php","meta":{"footnotes":""},"class_list":["post-502","page","type-page","status-publish","hentry"],"_links":{"self":[{"href":"https:\/\/www.technoromanticism.com\/en\/wp-json\/wp\/v2\/pages\/502","targetHints":{"allow":["GET"]}}],"collection":[{"href":"https:\/\/www.technoromanticism.com\/en\/wp-json\/wp\/v2\/pages"}],"about":[{"href":"https:\/\/www.technoromanticism.com\/en\/wp-json\/wp\/v2\/types\/page"}],"author":[{"embeddable":true,"href":"https:\/\/www.technoromanticism.com\/en\/wp-json\/wp\/v2\/users\/3"}],"replies":[{"embeddable":true,"href":"https:\/\/www.technoromanticism.com\/en\/wp-json\/wp\/v2\/comments?post=502"}],"version-history":[{"count":28,"href":"https:\/\/www.technoromanticism.com\/en\/wp-json\/wp\/v2\/pages\/502\/revisions"}],"predecessor-version":[{"id":1564,"href":"https:\/\/www.technoromanticism.com\/en\/wp-json\/wp\/v2\/pages\/502\/revisions\/1564"}],"wp:attachment":[{"href":"https:\/\/www.technoromanticism.com\/en\/wp-json\/wp\/v2\/media?parent=502"}],"curies":[{"name":"wp","href":"https:\/\/api.w.org\/{rel}","templated":true}]}}